{"id":5728,"date":"2023-04-29T22:53:29","date_gmt":"2023-04-29T22:53:29","guid":{"rendered":"https:\/\/eatmomo.ch\/?page_id=5728"},"modified":"2025-10-09T15:46:03","modified_gmt":"2025-10-09T15:46:03","slug":"mittagsbuffet","status":"publish","type":"page","link":"https:\/\/eatmomo.ch\/de\/mittagsbuffet\/","title":{"rendered":"\u00a0\u200eFood truck"},"content":{"rendered":"<div data-elementor-type=\"wp-page\" data-elementor-id=\"5728\" class=\"elementor elementor-5728\">\n\t\t\t\t\t\t<section class=\"elementor-section elementor-top-section elementor-element elementor-element-036a9d7 elementor-section-boxed elementor-section-height-default elementor-section-height-default\" data-id=\"036a9d7\" data-element_type=\"section\" data-e-type=\"section\">\n\t\t\t\t\t\t<div class=\"elementor-container elementor-column-gap-default\">\n\t\t\t\t\t<div class=\"elementor-column elementor-col-50 elementor-top-column elementor-element elementor-element-98a06eb\" data-id=\"98a06eb\" data-element_type=\"column\" data-e-type=\"column\">\n\t\t\t<div class=\"elementor-widget-wrap elementor-element-populated\">\n\t\t\t\t\t\t<div class=\"elementor-element elementor-element-c9570e4 elementor-widget elementor-widget-image\" data-id=\"c9570e4\" data-element_type=\"widget\" data-e-type=\"widget\" data-widget_type=\"image.default\">\n\t\t\t\t<div class=\"elementor-widget-container\">\n\t\t\t\t\t\t\t\t\t\t\t\t\t\t\t<img fetchpriority=\"high\" decoding=\"async\" width=\"1024\" height=\"576\" src=\"https:\/\/eatmomo.ch\/wp-content\/uploads\/2025\/04\/MOMOS-1024x576.jpeg\" class=\"attachment-large size-large wp-image-6296\" alt=\"\" srcset=\"https:\/\/eatmomo.ch\/wp-content\/uploads\/2025\/04\/MOMOS-1024x576.jpeg 1024w, https:\/\/eatmomo.ch\/wp-content\/uploads\/2025\/04\/MOMOS-300x169.jpeg 300w, https:\/\/eatmomo.ch\/wp-content\/uploads\/2025\/04\/MOMOS-768x432.jpeg 768w, https:\/\/eatmomo.ch\/wp-content\/uploads\/2025\/04\/MOMOS-18x10.jpeg 18w, https:\/\/eatmomo.ch\/wp-content\/uploads\/2025\/04\/MOMOS-600x338.jpeg 600w, https:\/\/eatmomo.ch\/wp-content\/uploads\/2025\/04\/MOMOS.jpeg 1333w\" sizes=\"(max-width: 1024px) 100vw, 1024px\" \/>\t\t\t\t\t\t\t\t\t\t\t\t\t\t\t<\/div>\n\t\t\t\t<\/div>\n\t\t\t\t\t<\/div>\n\t\t<\/div>\n\t\t\t\t<div class=\"elementor-column elementor-col-50 elementor-top-column elementor-element elementor-element-968dac7\" data-id=\"968dac7\" data-element_type=\"column\" data-e-type=\"column\">\n\t\t\t<div class=\"elementor-widget-wrap elementor-element-populated\">\n\t\t\t\t\t\t<div class=\"elementor-element elementor-element-233d68a elementor-widget elementor-widget-heading\" data-id=\"233d68a\" data-element_type=\"widget\" data-e-type=\"widget\" data-widget_type=\"heading.default\">\n\t\t\t\t<div class=\"elementor-widget-container\">\n\t\t\t\t\t<h2 class=\"elementor-heading-title elementor-size-default\">Eat Momo Foodtruck<\/h2>\t\t\t\t<\/div>\n\t\t\t\t<\/div>\n\t\t\t\t<div class=\"elementor-element elementor-element-d49260a elementor-widget elementor-widget-heading\" data-id=\"d49260a\" data-element_type=\"widget\" data-e-type=\"widget\" data-widget_type=\"heading.default\">\n\t\t\t\t<div class=\"elementor-widget-container\">\n\t\t\t\t\t<h2 class=\"elementor-heading-title elementor-size-default\"><div class=\"elementor-element elementor-element-8d4b6f8 elementor-widget elementor-widget-heading animated fadeInLeft\" data-id=\"8d4b6f8\" data-element_type=\"widget\" data-settings=\"{&quot;_animation&quot;:&quot;fadeInLeft&quot;}\" data-widget_type=\"heading.default\" style=\"align-self: auto;flex: 0 1 auto;align-items: normal;flex-flow: row;gap: normal;--widgets-spacing: 15px 15px;--widgets-spacing-row: 15px;--widgets-spacing-column: 15px;--swiper-theme-color: #000;--swiper-navigation-size: 44px;--swiper-pagination-bullet-size: 6px;--swiper-pagination-bullet-horizontal-gap: 6px;width: 642.695px;margin-bottom: 20px;font-family: Lato, sans-serif;font-size: 16px;font-weight: 400\"><div class=\"elementor-widget-container\"><h3 class=\"elementor-heading-title elementor-size-default\" style=\"font-size: 1.5rem\"><a href=\"https:\/\/www.amriville.ch\/no-momo-no-life\/\" title=\"No Momo no life!\" rel=\"bookmark\" style=\"font-size: 1.5rem;text-align: start;padding: 0px;margin: 0px\">No Momo no life!<\/a><\/h3><\/div><\/div><div class=\"elementor-element elementor-element-b89e4d5 elementor-widget elementor-widget-text-editor\" data-id=\"b89e4d5\" data-element_type=\"widget\" data-widget_type=\"text-editor.default\" style=\"align-self: auto;flex: 0 1 auto;align-items: normal;flex-flow: row;gap: normal;--widgets-spacing: 15px 15px;--widgets-spacing-row: 15px;--widgets-spacing-column: 15px;--swiper-theme-color: #000;--swiper-navigation-size: 44px;--swiper-pagination-bullet-size: 6px;--swiper-pagination-bullet-horizontal-gap: 6px;width: 642.695px;font-size: 19px;font-family: Lato, sans-serif;font-weight: 400\"><div class=\"elementor-widget-container\"><p style=\"font-size: 19px;font-weight: 400;margin-block-end: 12px\"><span style=\"font-weight: 700\">Begeben Sie sich auf eine kulinarische Reise \u2013 Sie haben die Wahl!<\/span><\/p><p style=\"font-size: 19px;margin-block-end: 12px\">Genie\u00dfen Sie saftige Rindfleisch-Momos, k\u00f6stliche Spinat- und Gem\u00fcse-Momos sowie eine Vielzahl leckerer Beilagen wie koreanisches Kimchi \u2013 ein Geschmackserlebnis f\u00fcr jeden Gaumen.<br>\ud83d\udcc5&nbsp;<span style=\"font-weight: 700\">Zeitraum:<\/span>&nbsp;15. April 2025 \u2013 30. December 2025<br>\ud83d\ude9a&nbsp;<span style=\"font-weight: 700\">Ort:<\/span>&nbsp;EatMomo Food Truck<br>\ud83d\udccd&nbsp;<span style=\"font-weight: 700\">Adresse:<\/span>&nbsp;Westcenter, Herisauerstrasse 5, 9015 St. Gallen<br>\ud83d\udccc&nbsp;<span style=\"font-weight: 700\">Standort:<\/span>&nbsp;Pop-Up-Bereich, Eingang \u201eS\u00fcdeingang\u201c<br><\/p><\/div><\/div><span style=\"font-size: 19px;font-style: inherit;font-weight: inherit;font-family: Lato, sans-serif\">Erleben Sie ein einzigartiges kulinarisches Abenteuer \u2013 frisch, aromatisch und mit Liebe zubereitet. Wir freuen uns darauf, Sie zu verw\u00f6hnen!<\/span><\/h2>\t\t\t\t<\/div>\n\t\t\t\t<\/div>\n\t\t\t\t\t<\/div>\n\t\t<\/div>\n\t\t\t\t\t<\/div>\n\t\t<\/section>\n\t\t\t\t<section class=\"elementor-section elementor-top-section elementor-element elementor-element-455b76bc elementor-section-boxed elementor-section-height-default elementor-section-height-default\" data-id=\"455b76bc\" data-element_type=\"section\" data-e-type=\"section\">\n\t\t\t\t\t\t<div class=\"elementor-container elementor-column-gap-default\">\n\t\t\t\t\t<div class=\"elementor-column elementor-col-100 elementor-top-column elementor-element elementor-element-36366348\" data-id=\"36366348\" data-element_type=\"column\" data-e-type=\"column\">\n\t\t\t<div class=\"elementor-widget-wrap\">\n\t\t\t\t\t\t\t<\/div>\n\t\t<\/div>\n\t\t\t\t\t<\/div>\n\t\t<\/section>\n\t\t\t\t<\/div>","protected":false},"excerpt":{"rendered":"<p>Eat Momo Foodtruck No Momo no life! Begeben Sie sich auf eine kulinarische Reise \u2013 Sie haben die Wahl! Genie\u00dfen Sie saftige Rindfleisch-Momos, k\u00f6stliche Spinat- und Gem\u00fcse-Momos sowie eine Vielzahl leckerer Beilagen wie koreanisches Kimchi \u2013 ein Geschmackserlebnis f\u00fcr jeden Gaumen.&#x1f4c5;&nbsp;Zeitraum:&nbsp;15. April 2025 \u2013 30. December 2025&#x1f69a;&nbsp;Ort:&nbsp;EatMomo Food Truck&#x1f4cd;&nbsp;Adresse:&nbsp;Westcenter, Herisauerstrasse 5, 9015 St. Gallen&#x1f4cc;&nbsp;Standort:&nbsp;Pop-Up-Bereich, Eingang [&hellip;]<\/p>","protected":false},"author":1,"featured_media":0,"parent":0,"menu_order":0,"comment_status":"closed","ping_status":"closed","template":"","meta":{"_uag_custom_page_level_css":"","site-sidebar-layout":"default","site-content-layout":"","ast-site-content-layout":"default","site-content-style":"default","site-sidebar-style":"default","ast-global-header-display":"","ast-banner-title-visibility":"","ast-main-header-display":"","ast-hfb-above-header-display":"","ast-hfb-below-header-display":"","ast-hfb-mobile-header-display":"","site-post-title":"","ast-breadcrumbs-content":"","ast-featured-img":"","footer-sml-layout":"","theme-transparent-header-meta":"","adv-header-id-meta":"","stick-header-meta":"","header-above-stick-meta":"","header-main-stick-meta":"","header-below-stick-meta":"","astra-migrate-meta-layouts":"set","ast-page-background-enabled":"default","ast-page-background-meta":{"desktop":{"background-color":"","background-image":"","background-repeat":"repeat","background-position":"center center","background-size":"auto","background-attachment":"scroll","background-type":"","background-media":"","overlay-type":"","overlay-color":"","overlay-opacity":"","overlay-gradient":""},"tablet":{"background-color":"","background-image":"","background-repeat":"repeat","background-position":"center center","background-size":"auto","background-attachment":"scroll","background-type":"","background-media":"","overlay-type":"","overlay-color":"","overlay-opacity":"","overlay-gradient":""},"mobile":{"background-color":"","background-image":"","background-repeat":"repeat","background-position":"center center","background-size":"auto","background-attachment":"scroll","background-type":"","background-media":"","overlay-type":"","overlay-color":"","overlay-opacity":"","overlay-gradient":""}},"ast-content-background-meta":{"desktop":{"background-color":"var(--ast-global-color-5)","background-image":"","background-repeat":"repeat","background-position":"center center","background-size":"auto","background-attachment":"scroll","background-type":"","background-media":"","overlay-type":"","overlay-color":"","overlay-opacity":"","overlay-gradient":""},"tablet":{"background-color":"var(--ast-global-color-5)","background-image":"","background-repeat":"repeat","background-position":"center center","background-size":"auto","background-attachment":"scroll","background-type":"","background-media":"","overlay-type":"","overlay-color":"","overlay-opacity":"","overlay-gradient":""},"mobile":{"background-color":"var(--ast-global-color-5)","background-image":"","background-repeat":"repeat","background-position":"center center","background-size":"auto","background-attachment":"scroll","background-type":"","background-media":"","overlay-type":"","overlay-color":"","overlay-opacity":"","overlay-gradient":""}},"footnotes":""},"class_list":["post-5728","page","type-page","status-publish","hentry"],"uagb_featured_image_src":{"full":false,"thumbnail":false,"medium":false,"medium_large":false,"large":false,"1536x1536":false,"2048x2048":false,"trp-custom-language-flag":false,"woocommerce_thumbnail":false,"woocommerce_single":false,"woocommerce_gallery_thumbnail":false},"uagb_author_info":{"display_name":"eatmomo","author_link":"https:\/\/eatmomo.ch\/de\/author\/eatmomo\/"},"uagb_comment_info":0,"uagb_excerpt":"Eat Momo Foodtruck No Momo no life! Begeben Sie sich auf eine kulinarische Reise \u2013 Sie haben die Wahl! Genie\u00dfen Sie saftige Rindfleisch-Momos, k\u00f6stliche Spinat- und Gem\u00fcse-Momos sowie eine Vielzahl leckerer Beilagen wie koreanisches Kimchi \u2013 ein Geschmackserlebnis f\u00fcr jeden Gaumen.&#x1f4c5;&nbsp;Zeitraum:&nbsp;15. April 2025 \u2013 30. December 2025&#x1f69a;&nbsp;Ort:&nbsp;EatMomo Food Truck&#x1f4cd;&nbsp;Adresse:&nbsp;Westcenter, Herisauerstrasse 5, 9015 St. Gallen&#x1f4cc;&nbsp;Standort:&nbsp;Pop-Up-Bereich, Eingang&hellip;","_links":{"self":[{"href":"https:\/\/eatmomo.ch\/de\/wp-json\/wp\/v2\/pages\/5728","targetHints":{"allow":["GET"]}}],"collection":[{"href":"https:\/\/eatmomo.ch\/de\/wp-json\/wp\/v2\/pages"}],"about":[{"href":"https:\/\/eatmomo.ch\/de\/wp-json\/wp\/v2\/types\/page"}],"author":[{"embeddable":true,"href":"https:\/\/eatmomo.ch\/de\/wp-json\/wp\/v2\/users\/1"}],"replies":[{"embeddable":true,"href":"https:\/\/eatmomo.ch\/de\/wp-json\/wp\/v2\/comments?post=5728"}],"version-history":[{"count":20,"href":"https:\/\/eatmomo.ch\/de\/wp-json\/wp\/v2\/pages\/5728\/revisions"}],"predecessor-version":[{"id":6393,"href":"https:\/\/eatmomo.ch\/de\/wp-json\/wp\/v2\/pages\/5728\/revisions\/6393"}],"wp:attachment":[{"href":"https:\/\/eatmomo.ch\/de\/wp-json\/wp\/v2\/media?parent=5728"}],"curies":[{"name":"wp","href":"https:\/\/api.w.org\/{rel}","templated":true}]}}